{"id":15264,"date":"2025-12-25T09:17:42","date_gmt":"2025-12-25T09:17:42","guid":{"rendered":"https:\/\/chinacarbonfibers.com\/?page_id=15264"},"modified":"2025-12-25T14:52:58","modified_gmt":"2025-12-25T14:52:58","slug":"custom-carbon-fiber-parts","status":"publish","type":"page","link":"https:\/\/chinacarbonfibers.com\/fr\/custom-carbon-fiber-parts\/","title":{"rendered":"Pi\u00e8ces en fibre de carbone sur mesure \u2013 Fabrication OEM &amp; ODM"},"content":{"rendered":"<div data-elementor-type=\"wp-page\" data-elementor-id=\"15264\" class=\"elementor elementor-15264\" data-elementor-settings=\"{&quot;ha_cmc_init_switcher&quot;:&quot;no&quot;}\" data-elementor-post-type=\"page\">\n\t\t\t\t<div class=\"elementor-element elementor-element-0570c8b e-flex e-con-boxed e-con e-parent\" data-id=\"0570c8b\" data-element_type=\"container\" data-e-type=\"container\" data-settings=\"{&quot;_ha_eqh_enable&quot;:false}\">\n\t\t\t\t\t<div class=\"e-con-inner\">\n\t\t\t\t<div class=\"elementor-element elementor-element-7bb22d8 elementor-widget elementor-widget-heading\" data-id=\"7bb22d8\" data-element_type=\"widget\" data-e-type=\"widget\" data-widget_type=\"heading.default\">\n\t\t\t\t\t<h1 class=\"elementor-heading-title elementor-size-default\">Pi\u00e8ces en fibre de carbone sur mesure \u2013 Fabrication OEM &amp; ODM<\/h1>\t\t\t\t<\/div>\n\t\t\t\t\t<\/div>\n\t\t\t\t<\/div>\n\t\t<div class=\"elementor-element elementor-element-961ad6a e-flex e-con-boxed e-con e-parent\" data-id=\"961ad6a\" data-element_type=\"container\" data-e-type=\"container\" data-settings=\"{&quot;_ha_eqh_enable&quot;:false}\">\n\t\t\t\t\t<div class=\"e-con-inner\">\n\t\t\t\t<div class=\"elementor-element elementor-element-21c3c14 elementor-widget elementor-widget-text-editor\" data-id=\"21c3c14\" data-element_type=\"widget\" data-e-type=\"widget\" data-widget_type=\"text-editor.default\">\n\t\t\t\t\t\t\t\t\t<p>Nous fabricons\u00a0<strong>pi\u00e8ces en fibre de carbone sur mesure<\/strong>\u00a0pour les clients OEM et ODM qui ont besoin\u00a0<strong>de solutions composites fiables, r\u00e9p\u00e9tables et sp\u00e9cifiques \u00e0 l'application<\/strong>.<\/p><p>Notre objectif n'est pas seulement l'apparence, mais aussi\u00a0<strong>les performances d'ing\u00e9nierie r\u00e9elles<\/strong>.<br \/>Cela inclut la r\u00e9sistance structurelle, la pr\u00e9cision dimensionnelle, la coh\u00e9rence de surface et un comportement stable en utilisation r\u00e9elle.<\/p><p>De la r\u00e9vision pr\u00e9coce du concept et du d\u00e9veloppement des outils \u00e0 la validation des prototypes et \u00e0 la production de masse stable, nous fournissons\u00a0<strong>une fabrication de fibre de carbone sur mesure de bout en bout<\/strong>\u00a0avec des processus clairs et une communication directe avec l'usine.<\/p><h2 id=\"-what-are-custom-carbon-fiber-parts-\"><strong>Qu'est-ce que les pi\u00e8ces en fibre de carbone sur mesure ?<\/strong><\/h2><p><strong>Pi\u00e8ces en fibre de carbone sur mesure<\/strong>\u00a0sont des composants composites fabriqu\u00e9s sur commande selon les dessins, les sp\u00e9cifications et les conditions d'application des clients.<\/p><p>Ce ne sont pas des articles de catalogue.<br \/>Ce sont des pi\u00e8ces con\u00e7ues.<\/p><p>Compar\u00e9es aux produits en carbone standard, les pi\u00e8ces en fibre de carbone sur mesure permettent un contr\u00f4le pr\u00e9cis sur :<\/p><ul><li><strong>Les cibles de r\u00e9sistance au poids<\/strong><\/li><li><strong>L'\u00e9paisseur du stratifi\u00e9 et l'orientation des fibres<\/strong><\/li><li><strong>L'ajustement, la tol\u00e9rance et les interfaces de montage<\/strong><\/li><li><strong>Les performances fonctionnelles ou de soutien<\/strong><\/li><\/ul><p>Ces pi\u00e8ces sont largement utilis\u00e9es l\u00e0 o\u00f9\u00a0<strong>la r\u00e9duction de poids, la rigidit\u00e9, la durabilit\u00e9 et la r\u00e9p\u00e9tabilit\u00e9<\/strong>\u00a0sont critiques.<\/p><blockquote><p>Ce service est destin\u00e9 aux acheteurs OEM, ODM et bas\u00e9s sur des projets.<br \/>Il n'est pas con\u00e7u pour des achats de d\u00e9tail uniques ou des mod\u00e8les de dropshipping.<\/p><\/blockquote><h2 id=\"-what-custom-carbon-fiber-parts-can-we-manufacture-\"><strong>Quelles pi\u00e8ces en fibre de carbone sur mesure pouvons-nous fabriquer ?<\/strong><\/h2><p>Nous fabriquons une large gamme de\u00a0<strong>pi\u00e8ces composites en fibre de carbone sur mesure<\/strong>, y compris :<\/p><ul><li>Composants composites structurels et semi-structurels<\/li><li>Pi\u00e8ces en fibre de carbone ext\u00e9rieures et int\u00e9rieures<\/li><li>Supports fonctionnels, carters et bo\u00eetiers<\/li><li>Composants a\u00e9rodynamiques et orient\u00e9s performance<\/li><li>Pi\u00e8ces prototypes et\u00a0<strong>production en petites et moyennes s\u00e9ries<\/strong><\/li><\/ul><p>Chaque projet est examin\u00e9 individuellement.<br \/>Nous \u00e9valuons la g\u00e9om\u00e9trie, les chemins de charge, le volume de production et les exigences de surface avant de recommander une d\u00e9marche de fabrication.<\/p><p>Cela garantit que le\u00a0<strong>processus correspond \u00e0 la pi\u00e8ce<\/strong>, et non l'inverse.<\/p><p><img fetchpriority=\"high\" decoding=\"async\" class=\"alignnone size-medium wp-image-7623\" src=\"https:\/\/chinacarbonfibers.com\/wp-content\/uploads\/2025\/03\/custom-carbon-fiber-one-600x600.jpg\" alt=\"custom carbon fiber one\" width=\"600\" height=\"600\" title=\"\" srcset=\"https:\/\/chinacarbonfibers.com\/wp-content\/uploads\/2025\/03\/custom-carbon-fiber-one-600x600.jpg 600w, https:\/\/chinacarbonfibers.com\/wp-content\/uploads\/2025\/03\/custom-carbon-fiber-one-300x300.jpg 300w, https:\/\/chinacarbonfibers.com\/wp-content\/uploads\/2025\/03\/custom-carbon-fiber-one-768x768.jpg 768w, https:\/\/chinacarbonfibers.com\/wp-content\/uploads\/2025\/03\/custom-carbon-fiber-one-12x12.jpg 12w, https:\/\/chinacarbonfibers.com\/wp-content\/uploads\/2025\/03\/custom-carbon-fiber-one.jpg 540w\" sizes=\"(max-width: 600px) 100vw, 600px\" \/><\/p><h2 id=\"-custom-carbon-fiber-applications-by-industry-\"><strong>Applications en fibre de carbone sur mesure par secteur<\/strong><\/h2><p>Notre\u00a0<strong>fabrication de pi\u00e8ces en fibre de carbone sur mesure<\/strong>\u00a0les services soutiennent des projets dans plusieurs secteurs :<\/p><h3 id=\"-consumer-lifestyle-applications-\"><a href=\"https:\/\/chinacarbonfibers.com\/fr\/category\/custom-carbon-fiber\/consumer-lifestyle\/\"><strong>Applications pour les consommateurs et le style de vie<\/strong><\/a><\/h3><p>Composants en fibre de carbone l\u00e9gers pour des produits haut de gamme o\u00f9 l'apparence, le poids et la constance sont importants.<\/p><h3 id=\"-industrial-advanced-technology-\"><a href=\"https:\/\/chinacarbonfibers.com\/fr\/category\/custom-carbon-fiber\/industrial-advanced-technology\/\"><strong>Technologie industrielle &amp; avanc\u00e9e<\/strong><\/a><\/h3><p>Pi\u00e8ces composites fonctionnelles et portantes pour \u00e9quipements, syst\u00e8mes d'automatisation et machines sp\u00e9cialis\u00e9es.<\/p><h3 id=\"-sports-outdoor-gear-\"><a href=\"https:\/\/chinacarbonfibers.com\/fr\/category\/custom-carbon-fiber\/sports-outdoor-gear\/\"><strong>\u00c9quipement sportif &amp; de plein air<\/strong><\/a><\/h3><p>Pi\u00e8ces en fibre de carbone orient\u00e9es performance con\u00e7ues pour r\u00e9duire le poids tout en maintenant la durabilit\u00e9 et la r\u00e9sistance \u00e0 la fatigue.<\/p><h3 id=\"-custom-materials-composite-solutions-\"><a href=\"https:\/\/chinacarbonfibers.com\/fr\/category\/custom-carbon-fiber\/custom-materials-solutions\/\"><strong>Mat\u00e9riaux sur mesure &amp; Solutions composites<\/strong><\/a><\/h3><p>Structures composites sp\u00e9cialis\u00e9es utilisant des mat\u00e9riaux hybrides ou des conceptions de stratifi\u00e9s non standard pour r\u00e9pondre \u00e0 des contraintes uniques.<\/p><p>Chaque application b\u00e9n\u00e9ficie de\u00a0<strong>s\u00e9lection de mat\u00e9riaux sur mesure, strat\u00e9gie d'outillage et contr\u00f4le des processus<\/strong>.<\/p><h2 id=\"-carbon-fiber-manufacturing-processes-\"><strong>Processus de fabrication en fibre de carbone<\/strong><\/h2><p>Nous s\u00e9lectionnons les processus de fabrication en fonction de\u00a0<strong>la g\u00e9om\u00e9trie de la pi\u00e8ce, des objectifs de performance et du volume de production<\/strong>, et non de pr\u00e9f\u00e9rence marketing.<\/p><p>Les processus disponibles incluent :<\/p><ul><li><p><strong>Carbone sec durci sous autoclave (pr\u00e9impr\u00e9gn\u00e9)<\/strong><br \/>Haute r\u00e9sistance, faible poids et excellente qualit\u00e9 de surface.<\/p><\/li><li><p><strong>Lay-up humide et mise sous vide<\/strong><br \/>Solutions \u00e9conomiques pour des formes complexes et une production \u00e0 faible volume.<\/p><\/li><li><p><strong>RTM \/ Light RTM<\/strong><br \/>Am\u00e9lioration du contr\u00f4le d'\u00e9paisseur et de la r\u00e9p\u00e9tabilit\u00e9 pour des s\u00e9ries de volume moyen.<\/p><\/li><li><p><strong>Fabrication composite hybride<\/strong><br \/>Fibre de carbone combin\u00e9e avec Kevlar ou fibre de verre pour la r\u00e9sistance aux chocs ou l'optimisation des co\u00fbts.<\/p><\/li><\/ul><p>La s\u00e9lection des processus fait partie de notre\u00a0<strong>\u00e9valuation technique<\/strong>, pas un mod\u00e8le fixe.<\/p><h2 id=\"-materials-technical-capabilities-\"><strong>Mat\u00e9riaux et capacit\u00e9s techniques<\/strong><\/h2><p>Notre\u00a0<strong>pi\u00e8ces en fibre de carbone sur mesure<\/strong>\u00a0peuvent \u00eatre fabriqu\u00e9s \u00e0 l'aide de :<\/p><ul><li><strong>Grades de fibre de carbone :<\/strong>\u00a0T700 \/ T800<\/li><li><strong>Tissages :<\/strong>\u00a0twill 2\u00d72, tissage plat<\/li><li><strong>Syst\u00e8mes de r\u00e9sine :<\/strong>\u00a0\u00e0 base d'\u00e9poxy<\/li><li><strong>Finitions de surface :<\/strong>\u00a0brillant, mat, carbone forg\u00e9<\/li><li><strong>Contr\u00f4le des stratifi\u00e9s :<\/strong>\u00a0\u00e9paisseur r\u00e9p\u00e9table et orientation des fibres<\/li><\/ul><p>Nous nous concentrons sur\u00a0<strong>la coh\u00e9rence dimensionnelle, la qualit\u00e9 de surface et le comportement m\u00e9canique stable<\/strong>\u00a0\u00e0 travers les s\u00e9ries de production, en particulier pour les pi\u00e8ces qui doivent \u00eatre reproduites dans le temps.<\/p><p><img decoding=\"async\" class=\"alignnone size-full wp-image-717\" src=\"https:\/\/chinacarbonfibers.com\/wp-content\/uploads\/2024\/12\/carbon-fiber-factory-115.jpg\" alt=\"carbon fiber factory side view\" width=\"540\" height=\"540\" title=\"\" srcset=\"https:\/\/chinacarbonfibers.com\/wp-content\/uploads\/2024\/12\/carbon-fiber-factory-115.jpg 540w, https:\/\/chinacarbonfibers.com\/wp-content\/uploads\/2024\/12\/carbon-fiber-factory-115-300x300.jpg 300w, https:\/\/chinacarbonfibers.com\/wp-content\/uploads\/2024\/12\/carbon-fiber-factory-115-12x12.jpg 12w\" sizes=\"(max-width: 540px) 100vw, 540px\" \/><\/p><h2 id=\"-our-custom-carbon-fiber-parts-development-process-\"><strong>Notre processus de d\u00e9veloppement de pi\u00e8ces en fibre de carbone sur mesure<\/strong><\/h2><p>Nous suivons un flux de travail structur\u00e9, orient\u00e9 OEM, con\u00e7u pour r\u00e9duire l'incertitude et le retouchage :<\/p><ol><li><p><strong>Revue de dessin et de fichier<\/strong><br \/>Fichiers 3D (STEP, IGES ou STL) plus exigences de base en mati\u00e8re d'application et de performance.<\/p><\/li><li><p><strong>\u00c9valuation technique et devis<\/strong><br \/>Recommandation de processus, examen de faisabilit\u00e9 et estimation des co\u00fbts.<\/p><\/li><li><p><strong>D\u00e9veloppement des outils et des moules<\/strong><br \/>Moules d\u00e9di\u00e9s d\u00e9velopp\u00e9s apr\u00e8s confirmation des sp\u00e9cifications.<\/p><\/li><li><p><strong>Production d'\u00e9chantillons et approbation<\/strong><br \/>\u00c9chantillons prototypes ou pr\u00e9-production pour validation et r\u00e9troaction.<\/p><\/li><li><p><strong>Production en masse et livraison<\/strong><br \/>Production contr\u00f4l\u00e9e avec v\u00e9rifications de qualit\u00e9 et livraison programm\u00e9e.<\/p><\/li><\/ol><p>Cette approche soutient\u00a0<strong>des r\u00e9sultats pr\u00e9visibles et la stabilit\u00e9 des projets \u00e0 long terme.<\/strong>.<\/p><h2 id=\"-moq-lead-time-\"><strong>MOQ et d\u00e9lai de livraison<\/strong><\/h2><p>La MOQ et le d\u00e9lai de livraison d\u00e9pendent de la complexit\u00e9 de la pi\u00e8ce, des exigences d'outillage et du processus de fabrication s\u00e9lectionn\u00e9.<\/p><p>Plages de r\u00e9f\u00e9rence typiques :<\/p><ul><li><strong>D\u00e9lai de prototype \/ \u00e9chantillon :<\/strong>\u00a0environ 2 \u00e0 4 semaines<\/li><li><strong>Production en s\u00e9rie :<\/strong>\u00a0d\u00e9finie apr\u00e8s confirmation de la quantit\u00e9 de commande et du processus<\/li><\/ul><p>Les d\u00e9tails exacts sont confirm\u00e9s lors de la r\u00e9vision technique pour \u00e9viter les suppositions.<\/p><h2 id=\"-why-choose-chinacarbonfibers-\"><strong>Pourquoi choisir Chinacarbonfibers ?<\/strong><\/h2><ul><li>Ax\u00e9 sur\u00a0<strong>la fabrication de pi\u00e8ces en fibre de carbone sur mesure pour OEM &amp; ODM<\/strong><\/li><li>Exp\u00e9rience dans les projets automobiles, industriels et orient\u00e9s performance<\/li><li>Production ax\u00e9e sur les processus, pas sur la fabrication par essais et erreurs<\/li><li>Communication directe avec les \u00e9quipes d'ing\u00e9nierie et de production<\/li><li>Accent mis sur\u00a0<strong>la r\u00e9p\u00e9tabilit\u00e9<\/strong>, pas des r\u00e9sultats uniques<\/li><\/ul><p>Nous agissons en tant que\u00a0<strong>partenaire de fabrication<\/strong>, pas en tant que revendeur.<\/p><p><img decoding=\"async\" class=\"alignnone size-full wp-image-719\" src=\"https:\/\/chinacarbonfibers.com\/wp-content\/uploads\/2024\/12\/carbon-fiber-factory-117.jpg\" alt=\"custom carbon factory\" width=\"540\" height=\"540\" title=\"\" srcset=\"https:\/\/chinacarbonfibers.com\/wp-content\/uploads\/2024\/12\/carbon-fiber-factory-117.jpg 540w, https:\/\/chinacarbonfibers.com\/wp-content\/uploads\/2024\/12\/carbon-fiber-factory-117-300x300.jpg 300w, https:\/\/chinacarbonfibers.com\/wp-content\/uploads\/2024\/12\/carbon-fiber-factory-117-12x12.jpg 12w\" sizes=\"(max-width: 540px) 100vw, 540px\" \/><\/p><h2 id=\"-frequently-asked-questions-\"><strong>Questions fr\u00e9quemment pos\u00e9es<\/strong><\/h2><p><strong>Fabricuez-vous des pi\u00e8ces en fibre de carbone sur mesure porteuses de charges ?<\/strong><br \/>Oui. Les exigences structurelles sont examin\u00e9es lors de l'\u00e9valuation technique pour s\u00e9lectionner les mat\u00e9riaux et proc\u00e9d\u00e9s adapt\u00e9s.<\/p><p><strong>Soutenez-vous la production en petites s\u00e9ries ou de prototypes ?<\/strong><br \/>Oui. Nous soutenons les prototypes, les productions pilotes et la production en petites \u00e0 moyennes s\u00e9ries.<\/p><p><strong>Quels fichiers sont n\u00e9cessaires pour commencer un projet de pi\u00e8ces en fibre de carbone sur mesure ?<\/strong><br \/>Des fichiers 3D (STEP, IGES ou STL) sont pr\u00e9f\u00e9r\u00e9s. Les d\u00e9tails d'application et les objectifs de performance aident \u00e0 acc\u00e9l\u00e9rer l'\u00e9valuation.<\/p><p><strong>La finition de surface et l'apparence peuvent-elles \u00eatre personnalis\u00e9es ?<\/strong><br \/>Oui. Des finitions brillantes, mates et en carbone forg\u00e9 sont disponibles en fonction du choix du proc\u00e9d\u00e9.<\/p><h2 id=\"-start-your-custom-carbon-fiber-parts-project-\"><strong>Commencez votre projet de pi\u00e8ces en fibre de carbone sur mesure<\/strong><\/h2><p>Si vous recherchez un\u00a0<strong>partenaire de fabrication fiable pour des pi\u00e8ces en fibre de carbone sur mesure<\/strong>, nous vous invitons \u00e0 nous contacter.<\/p><p>Envoyez-nous vos dessins ou vos exigences de projet.<br \/>Notre \u00e9quipe les examinera et fournira\u00a0<strong>des retours techniques clairs<\/strong>, pas des r\u00e9ponses commerciales g\u00e9n\u00e9riques.<\/p><p><strong>\u2192 Demander un devis<\/strong><br \/><strong>\u2192 Contactez-nous par <\/strong><strong>E-mail : <\/strong><a href=\"mailto:sales@chinacarbonfibers.com\">ventes@chinacarbonfibers.com<\/a> <strong>ou <a href=\"https:\/\/wa.me\/8613626191009\" target=\"_blank\" rel=\"noopener\">WhatsApp : +86 13626191009<\/a><\/strong><\/p>\t\t\t\t\t\t\t\t<\/div>\n\t\t\t\t\t<\/div>\n\t\t\t\t<\/div>\n\t\t\t\t<\/div>","protected":false},"excerpt":{"rendered":"<p>Custom Carbon Fiber Parts \u2013 OEM &amp; ODM Manufacturing We manufacture\u00a0custom carbon fiber parts\u00a0for OEM and ODM customers who need\u00a0reliable, [&hellip;]<\/p>\n","protected":false},"author":1,"featured_media":721,"parent":0,"menu_order":0,"comment_status":"closed","ping_status":"closed","template":"","meta":{"site-sidebar-layout":"no-sidebar","site-content-layout":"","ast-site-content-layout":"full-width-container","site-content-style":"default","site-sidebar-style":"default","ast-global-header-display":"","ast-banner-title-visibility":"","ast-main-header-display":"","ast-hfb-above-header-display":"","ast-hfb-below-header-display":"","ast-hfb-mobile-header-display":"","site-post-title":"disabled","ast-breadcrumbs-content":"","ast-featured-img":"disabled","footer-sml-layout":"","ast-disable-related-posts":"","theme-transparent-header-meta":"","adv-header-id-meta":"","stick-header-meta":"","header-above-stick-meta":"","header-main-stick-meta":"","header-below-stick-meta":"","astra-migrate-meta-layouts":"default","ast-page-background-enabled":"default","ast-page-background-meta":{"desktop":{"background-color":"var(--ast-global-color-4)","background-image":"","background-repeat":"repeat","background-position":"center center","background-size":"auto","background-attachment":"scroll","background-type":"","background-media":"","overlay-type":"","overlay-color":"","overlay-opacity":"","overlay-gradient":""},"tablet":{"background-color":"","background-image":"","background-repeat":"repeat","background-position":"center center","background-size":"auto","background-attachment":"scroll","background-type":"","background-media":"","overlay-type":"","overlay-color":"","overlay-opacity":"","overlay-gradient":""},"mobile":{"background-color":"","background-image":"","background-repeat":"repeat","background-position":"center center","background-size":"auto","background-attachment":"scroll","background-type":"","background-media":"","overlay-type":"","overlay-color":"","overlay-opacity":"","overlay-gradient":""}},"ast-content-background-meta":{"desktop":{"background-color":"var(--ast-global-color-5)","background-image":"","background-repeat":"repeat","background-position":"center center","background-size":"auto","background-attachment":"scroll","background-type":"","background-media":"","overlay-type":"","overlay-color":"","overlay-opacity":"","overlay-gradient":""},"tablet":{"background-color":"var(--ast-global-color-5)","background-image":"","background-repeat":"repeat","background-position":"center center","background-size":"auto","background-attachment":"scroll","background-type":"","background-media":"","overlay-type":"","overlay-color":"","overlay-opacity":"","overlay-gradient":""},"mobile":{"background-color":"var(--ast-global-color-5)","background-image":"","background-repeat":"repeat","background-position":"center center","background-size":"auto","background-attachment":"scroll","background-type":"","background-media":"","overlay-type":"","overlay-color":"","overlay-opacity":"","overlay-gradient":""}},"footnotes":""},"class_list":["post-15264","page","type-page","status-publish","has-post-thumbnail","hentry"],"_links":{"self":[{"href":"https:\/\/chinacarbonfibers.com\/fr\/wp-json\/wp\/v2\/pages\/15264","targetHints":{"allow":["GET"]}}],"collection":[{"href":"https:\/\/chinacarbonfibers.com\/fr\/wp-json\/wp\/v2\/pages"}],"about":[{"href":"https:\/\/chinacarbonfibers.com\/fr\/wp-json\/wp\/v2\/types\/page"}],"author":[{"embeddable":true,"href":"https:\/\/chinacarbonfibers.com\/fr\/wp-json\/wp\/v2\/users\/1"}],"replies":[{"embeddable":true,"href":"https:\/\/chinacarbonfibers.com\/fr\/wp-json\/wp\/v2\/comments?post=15264"}],"version-history":[{"count":5,"href":"https:\/\/chinacarbonfibers.com\/fr\/wp-json\/wp\/v2\/pages\/15264\/revisions"}],"predecessor-version":[{"id":17831,"href":"https:\/\/chinacarbonfibers.com\/fr\/wp-json\/wp\/v2\/pages\/15264\/revisions\/17831"}],"wp:featuredmedia":[{"embeddable":true,"href":"https:\/\/chinacarbonfibers.com\/fr\/wp-json\/wp\/v2\/media\/721"}],"wp:attachment":[{"href":"https:\/\/chinacarbonfibers.com\/fr\/wp-json\/wp\/v2\/media?parent=15264"}],"curies":[{"name":"wp","href":"https:\/\/api.w.org\/{rel}","templated":true}]}}